{"id":2167,"date":"2023-03-12T14:52:34","date_gmt":"2023-03-12T14:52:34","guid":{"rendered":"http:\/\/demo-content.kaliumtheme.com\/freelancer\/?page_id=2167"},"modified":"2025-02-02T11:11:20","modified_gmt":"2025-02-02T11:11:20","slug":"sobre","status":"publish","type":"page","link":"https:\/\/nunomartins.com\/en\/sobre\/","title":{"rendered":"About"},"content":{"rendered":"<div class=\"wpb-content-wrapper\"><div class=\"vc-row-container container\"><div class=\"vc_row wpb_row vc_row-fluid\"><div class=\"wpb_column vc_column_container vc_col-sm-12\"><div class=\"vc_column-inner\"><div class=\"wpb_wrapper\"><div class=\"vc_empty_space\"   style=\"height: 80px\"><span class=\"vc_empty_space_inner\"><\/span><\/div><\/div><\/div><\/div><\/div><\/div><div class=\"vc-row-container container\"><div class=\"vc_row wpb_row vc_row-fluid vc_column-gap-35\"><div class=\"wpb_column vc_column_container vc_col-sm-8\"><div class=\"vc_column-inner\"><div class=\"wpb_wrapper\"><h2 style=\"font-size: 24px;text-align: left\" class=\"vc_custom_heading vc_do_custom_heading\" >Nuno Martins<\/h2>\n\t<div class=\"wpb_text_column wpb_content_element post-formatting\" >\n\t\t<div class=\"wpb_wrapper\">\n\t\t\t<p><strong><br \/>\nStudies<\/strong><br \/>\nNuno Martins (1979, Porto) holds a PhD in Digital Media (2013) at the University of Porto, as a doctoral fellow of the UT Austin-Portugal Program of the Foundation for Science and Technology. In 2020 he completed a post-doctoral degree in Design. He also holds a MA in Multimedia Art (2007) and a BA in Communication Design (2003) at the Faculty of Fine Arts of the University of Porto. In 2002, during his undergraduate degree, he was a fellow of the Socrates\/Erasmus Program, having studied at the Willem de Kooning Academy - Hogeschool Rotterdam, in the Netherlands.<\/p>\n<p><strong><br \/>\nTeaching<\/strong><br \/>\nHe is a Coordinating Professor of Communication Design at the School of Design of the Polytechnic University of C\u00e1vado and Ave and Director of the MA in Digital Design. Since 2008, he lectures at IPCA in the BA in Graphic Design and in the MA in Digital Design. He was responsible for the creation and reformulation of several courses in IPCA, namely the creation of the Digital Design Master. He was also Coordinator of the Scientific Area of Communication Design (2014-2021) and Director of the Graphic Design degree (2016-2017).<\/p>\n<p>&nbsp;<\/p>\n<p><strong>Research<br \/>\n<\/strong>He was Principal Investigator (PI) of the project \u201cECHO \u2013 Echoing the Communal Self: designing the dissemination and replication of self-initiated practices in underprivileged urban communities in a post-pandemic world\u201d, funded by FCT (EXPL\/ART-DAQ\/0037\/2021); Co-Principal Investigator (Co-PI) of the project \u201cHERIC 2D: Health Risk Communication: Design and digital communication of official public health sources to guide citizens in pandemic situations\u201d funded by FCT (Ref. 2022.06008.PTDC); and has participated, as a team member, in several funded research projects.<br \/>\nHe was Principal Investigator (PI) of the project \u201cECHO \u2013 Echoing the Communal Self: designing the dissemination and replication of self-initiated practices in underprivileged urban communities in a post-pandemic world\u201d, funded by FCT (EXPL\/ART-DAQ\/0037\/2021); Co-Principal Investigator (Co-PI) of the project \u201cHERIC 2D: Health Risk Communication: Design and digital communication of official public health sources to guide citizens in pandemic situations\u201d funded by FCT (Ref. 2022.06008.PTDC); and has participated, as a team member, in several funded research projects.<br \/>\nIn 2017, he co-founded DIGICOM - International Conference on Design &amp; Digital Communication, and is responsible (Conference Chair) for the organisation of this scientific event. He is member of the editorial board of several scientific journals and was editor of numerous scientific publications in the area of Communication Design, namely books of chapters and proceedings of international conferences.<\/p>\n<p>&nbsp;<\/p>\n<p><strong>Awards and References<\/strong><br \/>\nHe has won several awards, namely: 3 Graphis Gold Award (2021, 2015 and 2014, USA); 2 Graphis Silver Award (2020 and 2014, USA); 1st prize - Mascot of the Ocean\u00e1rio of Lisbon; 1st prize - Mascot of the Water Pavilion of Porto; 1st prize - Porto Digital logo; 1st Prize \"Winner Online\" in the contest Webdesign 2004, promoted by ESTAL; and 1st Prize in the Contest \"Papies 2006\" (category \"Papies of the Internet).<\/p>\n<p>Some of his design projects are published in over twenty books on Communication Design, published in Hong Kong, Germany, Spain, USA, Austria, Netherlands, France, China and UK.<\/p>\n\n\t\t<\/div>\n\t<\/div>\n<\/div><\/div><\/div><div class=\"wpb_column vc_column_container vc_col-sm-4\"><div class=\"vc_column-inner\"><div class=\"wpb_wrapper\"><h2 style=\"font-size: 24px;text-align: left\" class=\"vc_custom_heading vc_do_custom_heading\" >Links<\/h2>\n\t<div class=\"wpb_text_column wpb_content_element post-formatting\" >\n\t\t<div class=\"wpb_wrapper\">\n\t\t\t<p><a href=\"https:\/\/www.instagram.com\/nunomartinsdesign\/\" target=\"_blank\" rel=\"noopener\">Instagram<\/a><\/p>\n<p><a href=\"https:\/\/www.linkedin.com\/in\/nunomartinsdesign\/\">LinkedIn<\/a><\/p>\n<p><a href=\"https:\/\/www.cienciavitae.pt\/\/C718-14EA-9B14\" target=\"_blank\" rel=\"noopener\">Ci\u00eancia Vitae<\/a><\/p>\n<p><a href=\"https:\/\/orcid.org\/0000-0002-5228-5453\" target=\"_blank\" rel=\"noopener\">ORCID<\/a><\/p>\n<p><a href=\"https:\/\/digicom.ipca.pt\" target=\"_blank\" rel=\"noopener\">Digicom Conference<\/a><\/p>\n\n\t\t<\/div>\n\t<\/div>\n<div class=\"vc_empty_space\"   style=\"height: 80px\"><span class=\"vc_empty_space_inner\"><\/span><\/div><h2 style=\"font-size: 24px;text-align: left\" class=\"vc_custom_heading vc_do_custom_heading\" >Contact<\/h2>\n\t<div class=\"wpb_text_column wpb_content_element post-formatting\" >\n\t\t<div class=\"wpb_wrapper\">\n\t\t\t<p><a href=\"mailto:nuno@nunomartins.com\" target=\"_blank\" rel=\"noopener\">Email<\/a><\/p>\n<p>Porto, Portugal<\/p>\n\n\t\t<\/div>\n\t<\/div>\n<\/div><\/div><\/div><\/div><\/div>\n<\/div>","protected":false},"excerpt":{"rendered":"Nuno Martins Forma\u00e7\u00e3o Nuno Martins (1979, Porto) \u00e9 doutorado em Media Digitais (2013) pela Universidade do Porto, tendo sido bolseiro de Doutoramento do Programa UT Austin-Portugal da Funda\u00e7\u00e3o para a Ci\u00eancia e Tecnologia (FCT). Em 2020, concluiu o P\u00f3s-Doutoramento em Design na Faculdade de Belas Artes da Universidade do Porto. Mestre em Arte Multim\u00e9dia (2007)&hellip;","protected":false},"author":2,"featured_media":0,"parent":0,"menu_order":0,"comment_status":"open","ping_status":"closed","template":"","meta":{"_acf_changed":false,"footnotes":""},"class_list":["post-2167","page","type-page","status-publish","hentry"],"acf":[],"_links":{"self":[{"href":"https:\/\/nunomartins.com\/en\/wp-json\/wp\/v2\/pages\/2167","targetHints":{"allow":["GET"]}}],"collection":[{"href":"https:\/\/nunomartins.com\/en\/wp-json\/wp\/v2\/pages"}],"about":[{"href":"https:\/\/nunomartins.com\/en\/wp-json\/wp\/v2\/types\/page"}],"author":[{"embeddable":true,"href":"https:\/\/nunomartins.com\/en\/wp-json\/wp\/v2\/users\/2"}],"replies":[{"embeddable":true,"href":"https:\/\/nunomartins.com\/en\/wp-json\/wp\/v2\/comments?post=2167"}],"version-history":[{"count":32,"href":"https:\/\/nunomartins.com\/en\/wp-json\/wp\/v2\/pages\/2167\/revisions"}],"predecessor-version":[{"id":8221,"href":"https:\/\/nunomartins.com\/en\/wp-json\/wp\/v2\/pages\/2167\/revisions\/8221"}],"wp:attachment":[{"href":"https:\/\/nunomartins.com\/en\/wp-json\/wp\/v2\/media?parent=2167"}],"curies":[{"name":"wp","href":"https:\/\/api.w.org\/{rel}","templated":true}]}}